{"id":730,"date":"2021-06-28T12:35:47","date_gmt":"2021-06-28T12:35:47","guid":{"rendered":"https:\/\/www.rufacervesera.cat\/?post_type=product&#038;p=730"},"modified":"2024-11-29T09:09:19","modified_gmt":"2024-11-29T09:09:19","slug":"molohop-caixa-12-unitats","status":"publish","type":"product","link":"https:\/\/www.rufacervesera.cat\/index.php\/producte\/molohop-caixa-12-unitats\/","title":{"rendered":"MOLOHOP &#8211; caixa 12 unitats 33cl"},"content":{"rendered":"","protected":false},"excerpt":{"rendered":"<p>IPA (Indian Pale Ale)<\/p>\n<p class=\"has-small-font-size\">Molohop \u00e9s la nostra bomba de ll\u00fapol, la m\u00e9s arom\u00e0tica, intensa i amarga de totes les Rufes, cont\u00e9 grans dosis de ll\u00fapols ecol\u00f2gics i de proximitat.<\/p>\n","protected":false},"featured_media":731,"template":"","meta":[],"product_brand":[],"product_cat":[32],"product_tag":[],"class_list":{"0":"post-730","1":"product","2":"type-product","3":"status-publish","4":"has-post-thumbnail","6":"product_cat-edicions-limitades","8":"first","9":"instock","10":"taxable","11":"shipping-taxable","12":"purchasable","13":"product-type-simple"},"jetpack_sharing_enabled":true,"_links":{"self":[{"href":"https:\/\/www.rufacervesera.cat\/index.php\/wp-json\/wp\/v2\/product\/730","targetHints":{"allow":["GET"]}}],"collection":[{"href":"https:\/\/www.rufacervesera.cat\/index.php\/wp-json\/wp\/v2\/product"}],"about":[{"href":"https:\/\/www.rufacervesera.cat\/index.php\/wp-json\/wp\/v2\/types\/product"}],"wp:featuredmedia":[{"embeddable":true,"href":"https:\/\/www.rufacervesera.cat\/index.php\/wp-json\/wp\/v2\/media\/731"}],"wp:attachment":[{"href":"https:\/\/www.rufacervesera.cat\/index.php\/wp-json\/wp\/v2\/media?parent=730"}],"wp:term":[{"taxonomy":"product_brand","embeddable":true,"href":"https:\/\/www.rufacervesera.cat\/index.php\/wp-json\/wp\/v2\/product_brand?post=730"},{"taxonomy":"product_cat","embeddable":true,"href":"https:\/\/www.rufacervesera.cat\/index.php\/wp-json\/wp\/v2\/product_cat?post=730"},{"taxonomy":"product_tag","embeddable":true,"href":"https:\/\/www.rufacervesera.cat\/index.php\/wp-json\/wp\/v2\/product_tag?post=730"}],"curies":[{"name":"wp","href":"https:\/\/api.w.org\/{rel}","templated":true}]}}