{"id":1024,"date":"2024-11-28T21:41:00","date_gmt":"2024-11-28T21:41:00","guid":{"rendered":"https:\/\/www.rufacervesera.cat\/?post_type=product&#038;p=1024"},"modified":"2024-11-29T10:44:38","modified_gmt":"2024-11-29T10:44:38","slug":"rufa-negra-ampolla-33cl","status":"publish","type":"product","link":"https:\/\/www.rufacervesera.cat\/index.php\/producte\/rufa-negra-ampolla-33cl\/","title":{"rendered":"Rufa Negra- Ampolla 33cl"},"content":{"rendered":"<p class=\"margin-top-half has-small-font-size\">EP (Empord\u00e0 Porter)<\/p>\n<p class=\"has-small-font-size\">La m\u00e9s maltosa i intensa, elaborada amb maltes xocolata i torrades \u00e9s una cervesa de color del caf\u00e8 i aromes torrefactes per\u00f2 molt equilibrada, i suau dins el seu estil. Mitjanament amarga \u00e9s elaborada amb ll\u00fapols ecol\u00f2gics i de proximitat.<\/p>\n","protected":false},"excerpt":{"rendered":"<p>EP (Empord\u00e0 Porter) La m\u00e9s maltosa i intensa, elaborada amb maltes xocolata i torrades \u00e9s una cervesa de color del caf\u00e8 i aromes torrefactes per\u00f2 molt equilibrada, i suau dins el seu estil. Mitjanament amarga \u00e9s elaborada amb ll\u00fapols ecol\u00f2gics i de proximitat.<\/p>\n","protected":false},"featured_media":827,"template":"","meta":[],"product_brand":[],"product_cat":[31],"product_tag":[],"class_list":{"0":"post-1024","1":"product","2":"type-product","3":"status-publish","4":"has-post-thumbnail","6":"product_cat-classiques-2","8":"first","9":"instock","10":"taxable","11":"shipping-taxable","12":"purchasable","13":"product-type-simple"},"jetpack_sharing_enabled":true,"_links":{"self":[{"href":"https:\/\/www.rufacervesera.cat\/index.php\/wp-json\/wp\/v2\/product\/1024","targetHints":{"allow":["GET"]}}],"collection":[{"href":"https:\/\/www.rufacervesera.cat\/index.php\/wp-json\/wp\/v2\/product"}],"about":[{"href":"https:\/\/www.rufacervesera.cat\/index.php\/wp-json\/wp\/v2\/types\/product"}],"wp:featuredmedia":[{"embeddable":true,"href":"https:\/\/www.rufacervesera.cat\/index.php\/wp-json\/wp\/v2\/media\/827"}],"wp:attachment":[{"href":"https:\/\/www.rufacervesera.cat\/index.php\/wp-json\/wp\/v2\/media?parent=1024"}],"wp:term":[{"taxonomy":"product_brand","embeddable":true,"href":"https:\/\/www.rufacervesera.cat\/index.php\/wp-json\/wp\/v2\/product_brand?post=1024"},{"taxonomy":"product_cat","embeddable":true,"href":"https:\/\/www.rufacervesera.cat\/index.php\/wp-json\/wp\/v2\/product_cat?post=1024"},{"taxonomy":"product_tag","embeddable":true,"href":"https:\/\/www.rufacervesera.cat\/index.php\/wp-json\/wp\/v2\/product_tag?post=1024"}],"curies":[{"name":"wp","href":"https:\/\/api.w.org\/{rel}","templated":true}]}}